{"id":9,"date":"2018-06-14T20:43:49","date_gmt":"2018-06-14T18:43:49","guid":{"rendered":"http:\/\/www.verschwisterung-schotten.de\/vvs\/?page_id=9"},"modified":"2024-01-29T11:17:12","modified_gmt":"2024-01-29T10:17:12","slug":"willkommen","status":"publish","type":"page","link":"https:\/\/www.verschwisterung-schotten.de\/vvs\/","title":{"rendered":"Startseite"},"content":{"rendered":"\t\t<div data-elementor-type=\"wp-post\" data-elementor-id=\"9\" class=\"elementor elementor-9\">\n\t\t\t\t\t\t\t\t\t<section class=\"elementor-section elementor-top-section elementor-element elementor-element-4d1a990e elementor-section-boxed elementor-section-height-default elementor-section-height-default\" data-id=\"4d1a990e\" data-element_type=\"section\">\n\t\t\t\t\t\t<div class=\"elementor-container elementor-column-gap-default\">\n\t\t\t\t\t<div class=\"elementor-column elementor-col-50 elementor-top-column elementor-element elementor-element-7ba4e960\" data-id=\"7ba4e960\" data-element_type=\"column\">\n\t\t\t<div class=\"elementor-widget-wrap elementor-element-populated\">\n\t\t\t\t\t\t\t\t<div class=\"elementor-element elementor-element-2b6479fd elementor-widget elementor-widget-image\" data-id=\"2b6479fd\" data-element_type=\"widget\" data-widget_type=\"image.default\">\n\t\t\t\t<div class=\"elementor-widget-container\">\n\t\t\t\t\t\t\t\t\t\t\t\t\t\t\t\t<a href=\"http:\/\/www.verschwisterung-schotten.de\/vvs\/\">\n\t\t\t\t\t\t\t<img fetchpriority=\"high\" decoding=\"async\" width=\"350\" height=\"242\" src=\"https:\/\/www.verschwisterung-schotten.de\/vvs\/wp-content\/uploads\/2019\/04\/EU-Flag-Grafik-1_Layout-1.png\" class=\"attachment-full size-full wp-image-3726\" alt=\"\" srcset=\"https:\/\/www.verschwisterung-schotten.de\/vvs\/wp-content\/uploads\/2019\/04\/EU-Flag-Grafik-1_Layout-1.png 350w, https:\/\/www.verschwisterung-schotten.de\/vvs\/wp-content\/uploads\/2019\/04\/EU-Flag-Grafik-1_Layout-1-300x207.png 300w\" sizes=\"(max-width: 350px) 100vw, 350px\" \/>\t\t\t\t\t\t\t\t<\/a>\n\t\t\t\t\t\t\t\t\t\t\t\t\t\t\t<\/div>\n\t\t\t\t<\/div>\n\t\t\t\t\t<\/div>\n\t\t<\/div>\n\t\t\t\t<div class=\"elementor-column elementor-col-50 elementor-top-column elementor-element elementor-element-75de15c6\" data-id=\"75de15c6\" data-element_type=\"column\">\n\t\t\t<div class=\"elementor-widget-wrap elementor-element-populated\">\n\t\t\t\t\t\t\t\t<div class=\"elementor-element elementor-element-48ee60a7 elementor-widget elementor-widget-text-editor\" data-id=\"48ee60a7\" data-element_type=\"widget\" data-widget_type=\"text-editor.default\">\n\t\t\t\t<div class=\"elementor-widget-container\">\n\t\t\t\t\t\t\t<h3>Herzlich willkommen<br \/>auf der Homepage des<br \/>Verschwisterungsvereins Schotten e.V.<\/h3>\t\t\t\t\t\t<\/div>\n\t\t\t\t<\/div>\n\t\t\t\t\t<\/div>\n\t\t<\/div>\n\t\t\t\t\t\t\t<\/div>\n\t\t<\/section>\n\t\t\t\t<section class=\"elementor-section elementor-top-section elementor-element elementor-element-6b5ebfd elementor-section-boxed elementor-section-height-default elementor-section-height-default\" data-id=\"6b5ebfd\" data-element_type=\"section\">\n\t\t\t\t\t\t<div class=\"elementor-container elementor-column-gap-default\">\n\t\t\t\t\t<div class=\"elementor-column elementor-col-100 elementor-top-column elementor-element elementor-element-223d350\" data-id=\"223d350\" data-element_type=\"column\">\n\t\t\t<div class=\"elementor-widget-wrap elementor-element-populated\">\n\t\t\t\t\t\t\t\t<div class=\"elementor-element elementor-element-dd0ef17 elementor-widget elementor-widget-text-editor\" data-id=\"dd0ef17\" data-element_type=\"widget\" data-widget_type=\"text-editor.default\">\n\t\t\t\t<div class=\"elementor-widget-container\">\n\t\t\t\t\t\t\t<div><strong>60 Jahre St\u00e4dtepartnerschaft Beloeil &#8211; Crosne &#8211; Schottens<\/strong><\/div><div>\u00a0<\/div><div>Im Rahmen einer Jubil\u00e4umsfeier in unserer belgischen Partnerstadt Beloeil am 30. September 2023 wurden 60 Jahre St\u00e4dtepartnerschaft zwischen Beloeil, Crosne und Schotten feierlich begangen. Zahlreiche Europ\u00e4er aus den drei Partnerst\u00e4dten sowie anderen Partnerst\u00e4dten (Arco, Roccella Jonica, Maybole, Rymarov und Bogen) waren im Schloss von Beloeil zu Gast und wurden Zeugen der Unterzeichnung des neuerlichen Partnerschaftsschwurs.<\/div><div><style type=\"text\/css\">\r\n\t#foogallery-gallery-4464 .fg-image {\r\n        width: 239px;\r\n    }\r\n<\/style>\r\n\t\t\t\t<div class=\"foogallery foogallery-container foogallery-default foogallery-lightbox-foogallery fg-gutter-10 fg-center fg-default fg-light fg-border-thin fg-shadow-outline fg-loading-default fg-loaded-fade-in fg-caption-hover fg-hover-fade fg-hover-zoom fg-ready\" id=\"foogallery-gallery-4464\" data-foogallery=\"{&quot;item&quot;:{&quot;showCaptionTitle&quot;:true,&quot;showCaptionDescription&quot;:true},&quot;lazy&quot;:true}\" data-foogallery-lightbox=\"{&quot;thumbs&quot;:&quot;bottom&quot;,&quot;thumbsCaptions&quot;:false,&quot;thumbsBestFit&quot;:false,&quot;thumbsSmall&quot;:false,&quot;thumbsCaptionsAlign&quot;:&quot;default&quot;,&quot;info&quot;:&quot;bottom&quot;,&quot;infoVisible&quot;:true,&quot;infoOverlay&quot;:true,&quot;infoAlign&quot;:&quot;default&quot;,&quot;transition&quot;:&quot;fade&quot;,&quot;hoverButtons&quot;:false,&quot;fitMedia&quot;:false,&quot;noScrollbars&quot;:true,&quot;preserveButtonSpace&quot;:true,&quot;buttons&quot;:{&quot;fullscreen&quot;:true,&quot;info&quot;:true,&quot;thumbs&quot;:false},&quot;video&quot;:{&quot;autoPlay&quot;:true}}\" >\r\n\t<div class=\"fg-item fg-type-image fg-idle\"><figure class=\"fg-item-inner\"><a href=\"https:\/\/www.verschwisterung-schotten.de\/vvs\/wp-content\/uploads\/2024\/01\/10.3-Beloeil_Schlosskapelle_Hans-Dieter-Herget-Luc-Vansaingele-Beloeil-Michael-Damiati-Crosne-mit-Text-opt-scaled.jpg\" data-attachment-id=\"4461\" data-type=\"image\" class=\"fg-thumb\"><span class=\"fg-image-wrap\"><img decoding=\"async\" width=\"239\" height=\"239\" class=\"skip-lazy fg-image\" data-src-fg=\"https:\/\/www.verschwisterung-schotten.de\/vvs\/wp-content\/uploads\/cache\/2024\/01\/10_3-Beloeil_Schlosskapelle_Hans-Dieter-Herget-Luc-Vansaingele-Beloeil-Michael-Damiati-Crosne-mit-Text-opt-scaled\/381903545.jpg\" src=\"data:image\/svg+xml,%3Csvg%20xmlns%3D%22http%3A%2F%2Fwww.w3.org%2F2000%2Fsvg%22%20width%3D%22239%22%20height%3D%22239%22%20viewBox%3D%220%200%20239%20239%22%3E%3C%2Fsvg%3E\" loading=\"eager\"><\/span><span class=\"fg-image-overlay\"><\/span><\/a><figcaption class=\"fg-caption\"><div class=\"fg-caption-inner\"><\/div><\/figcaption><\/figure><div class=\"fg-loader\"><\/div><\/div><div class=\"fg-item fg-type-image fg-idle\"><figure class=\"fg-item-inner\"><a href=\"https:\/\/www.verschwisterung-schotten.de\/vvs\/wp-content\/uploads\/2024\/01\/10.4-Beloeil_Schlosshof_Pipe-band-mit-Vertretern-der-Staedte-mit-Text-opt-scaled.jpg\" data-attachment-id=\"4462\" data-type=\"image\" class=\"fg-thumb\"><span class=\"fg-image-wrap\"><img decoding=\"async\" width=\"239\" height=\"239\" class=\"skip-lazy fg-image\" data-src-fg=\"https:\/\/www.verschwisterung-schotten.de\/vvs\/wp-content\/uploads\/cache\/2024\/01\/10_4-Beloeil_Schlosshof_Pipe-band-mit-Vertretern-der-Staedte-mit-Text-opt-scaled\/3959496150.jpg\" src=\"data:image\/svg+xml,%3Csvg%20xmlns%3D%22http%3A%2F%2Fwww.w3.org%2F2000%2Fsvg%22%20width%3D%22239%22%20height%3D%22239%22%20viewBox%3D%220%200%20239%20239%22%3E%3C%2Fsvg%3E\" loading=\"eager\"><\/span><span class=\"fg-image-overlay\"><\/span><\/a><figcaption class=\"fg-caption\"><div class=\"fg-caption-inner\"><\/div><\/figcaption><\/figure><div class=\"fg-loader\"><\/div><\/div><div class=\"fg-item fg-type-image fg-idle\"><figure class=\"fg-item-inner\"><a href=\"https:\/\/www.verschwisterung-schotten.de\/vvs\/wp-content\/uploads\/2024\/01\/10.5-Beloeil_Schlosshof_pipe-band-mit-Prince-de-Ligne-Luc-Vansaingele-Hans-Dieter-Herget-mit-Text-opt.jpg\" data-attachment-id=\"4463\" data-type=\"image\" class=\"fg-thumb\"><span class=\"fg-image-wrap\"><img decoding=\"async\" width=\"239\" height=\"239\" class=\"skip-lazy fg-image\" data-src-fg=\"https:\/\/www.verschwisterung-schotten.de\/vvs\/wp-content\/uploads\/cache\/2024\/01\/10_5-Beloeil_Schlosshof_pipe-band-mit-Prince-de-Ligne-Luc-Vansaingele-Hans-Dieter-Herget-mit-Text-opt\/699660464.jpg\" src=\"data:image\/svg+xml,%3Csvg%20xmlns%3D%22http%3A%2F%2Fwww.w3.org%2F2000%2Fsvg%22%20width%3D%22239%22%20height%3D%22239%22%20viewBox%3D%220%200%20239%20239%22%3E%3C%2Fsvg%3E\" loading=\"eager\"><\/span><span class=\"fg-image-overlay\"><\/span><\/a><figcaption class=\"fg-caption\"><div class=\"fg-caption-inner\"><\/div><\/figcaption><\/figure><div class=\"fg-loader\"><\/div><\/div><\/div>\r\n<\/div>\t\t\t\t\t\t<\/div>\n\t\t\t\t<\/div>\n\t\t\t\t\t<\/div>\n\t\t<\/div>\n\t\t\t\t\t\t\t<\/div>\n\t\t<\/section>\n\t\t\t\t<section class=\"elementor-section elementor-top-section elementor-element elementor-element-7acbe82 elementor-section-boxed elementor-section-height-default elementor-section-height-default\" data-id=\"7acbe82\" data-element_type=\"section\">\n\t\t\t\t\t\t<div class=\"elementor-container elementor-column-gap-default\">\n\t\t\t\t\t<div class=\"elementor-column elementor-col-100 elementor-top-column elementor-element elementor-element-57af608\" data-id=\"57af608\" data-element_type=\"column\">\n\t\t\t<div class=\"elementor-widget-wrap elementor-element-populated\">\n\t\t\t\t\t\t\t\t<div class=\"elementor-element elementor-element-f4d2a71 elementor-widget elementor-widget-text-editor\" data-id=\"f4d2a71\" data-element_type=\"widget\" data-widget_type=\"text-editor.default\">\n\t\t\t\t<div class=\"elementor-widget-container\">\n\t\t\t\t\t\t\t<div id=\"attachment_4413\" style=\"width: 134px\" class=\"wp-caption alignleft\"><img decoding=\"async\" aria-describedby=\"caption-attachment-4413\" class=\" wp-image-4413\" src=\"https:\/\/www.verschwisterung-schotten.de\/vvs\/wp-content\/uploads\/2023\/12\/GS_WP-Avatar-250x250-1.jpg\" alt=\"GS\" width=\"124\" height=\"124\" srcset=\"https:\/\/www.verschwisterung-schotten.de\/vvs\/wp-content\/uploads\/2023\/12\/GS_WP-Avatar-250x250-1.jpg 250w, https:\/\/www.verschwisterung-schotten.de\/vvs\/wp-content\/uploads\/2023\/12\/GS_WP-Avatar-250x250-1-150x150.jpg 150w, https:\/\/www.verschwisterung-schotten.de\/vvs\/wp-content\/uploads\/2023\/12\/GS_WP-Avatar-250x250-1-80x80.jpg 80w\" sizes=\"(max-width: 124px) 100vw, 124px\" \/><p id=\"caption-attachment-4413\" class=\"wp-caption-text\">Gernot Schobert<\/p><\/div><h5>Freunde vom Gardasee in Schotten<\/h5><p><span lang=\"de-DE\">G\u00e4ste aus der Partnerstadt Arco waren Anfang Oktober in Oberhessen. Delegationen der Alpini (ehemalige Gebirgsj\u00e4ger) und der Associazione Arma Aeronautica (Luftwaffen-Reservisten) nahmen in Lautertal an den Feiern zum Tag der deutschen Einheit und dem 50-j\u00e4hrigen Bestehen der dortigen Reservistenkameradschaft teil. Die beiden italienischen Gruppen sind seit \u00fcber 15 Jahren mit der Kreisgruppe Oberhessen im Reservistenverband verschwistert. <a href=\"https:\/\/www.verschwisterung-schotten.de\/vvs\/vereinsarbeit\/\">Weiterlesen&#8230;<\/a><br \/><\/span><\/p>\t\t\t\t\t\t<\/div>\n\t\t\t\t<\/div>\n\t\t\t\t\t<\/div>\n\t\t<\/div>\n\t\t\t\t\t\t\t<\/div>\n\t\t<\/section>\n\t\t\t\t<section class=\"elementor-section elementor-top-section elementor-element elementor-element-d7d6a4d elementor-section-boxed elementor-section-height-default elementor-section-height-default\" data-id=\"d7d6a4d\" data-element_type=\"section\">\n\t\t\t\t\t\t<div class=\"elementor-container elementor-column-gap-default\">\n\t\t\t\t\t<div class=\"elementor-column elementor-col-50 elementor-top-column elementor-element elementor-element-33dbba56\" data-id=\"33dbba56\" data-element_type=\"column\">\n\t\t\t<div class=\"elementor-widget-wrap elementor-element-populated\">\n\t\t\t\t\t\t\t\t<div class=\"elementor-element elementor-element-63b17c80 elementor-widget elementor-widget-google_maps\" data-id=\"63b17c80\" data-element_type=\"widget\" data-widget_type=\"google_maps.default\">\n\t\t\t\t<div class=\"elementor-widget-container\">\n\t\t\t\t\t<div class=\"elementor-custom-embed\">\n\t\t\t<iframe loading=\"lazy\"\n\t\t\t\t\tsrc=\"https:\/\/maps.google.com\/maps?q=Deutschland%2C%20Hessen%2C%20Schotten&#038;t=m&#038;z=14&#038;output=embed&#038;iwloc=near\"\n\t\t\t\t\ttitle=\"Deutschland, Hessen, Schotten\"\n\t\t\t\t\taria-label=\"Deutschland, Hessen, Schotten\"\n\t\t\t><\/iframe>\n\t\t<\/div>\n\t\t\t\t<\/div>\n\t\t\t\t<\/div>\n\t\t\t\t\t<\/div>\n\t\t<\/div>\n\t\t\t\t<div class=\"elementor-column elementor-col-50 elementor-top-column elementor-element elementor-element-6449a352\" data-id=\"6449a352\" data-element_type=\"column\">\n\t\t\t<div class=\"elementor-widget-wrap elementor-element-populated\">\n\t\t\t\t\t\t\t\t<div class=\"elementor-element elementor-element-6a85c96c elementor-widget elementor-widget-text-editor\" data-id=\"6a85c96c\" data-element_type=\"widget\" data-widget_type=\"text-editor.default\">\n\t\t\t\t<div class=\"elementor-widget-container\">\n\t\t\t\t\t\t\t<h3><img decoding=\"async\" class=\"alignleft wp-image-3741 \" src=\"http:\/\/www.verschwisterung-schotten.de\/vvs\/wp-content\/uploads\/2019\/04\/SchottenStartseite.jpg\" alt=\"\" width=\"104\" height=\"120\" \/>Europastadt Schotten<\/h3><p align=\"JUSTIFY\"><span style=\"font-family: Titillium Web; font-size: 12pt;\">Wir sind stolz darauf, dass die Stadt Schotten mit f\u00fcnf europ\u00e4ischen St\u00e4dten eine vertragli\u00adche Partnerschaft (\u201eVerschwisterung\u201c) begr\u00fcn\u00addet hat und mit drei weiteren europ\u00e4ischen St\u00e4dten \u00fcber einen Freundschaftsvertrag ver\u00adbunden ist.\u00a0 <\/span><span style=\"font-family: Titillium Web; font-size: 12pt;\">Seit 1996 tr\u00e4gt Schotten den Ehrentitel <b>Europastadt<\/b>, eine Auszeichnung, die ihr in Aner\u00adkennung ihres europ\u00e4ischen Engagements vom Europarat verliehen wurde.<\/span><\/p><p align=\"JUSTIFY\"><span style=\"font-family: Titillium Web; font-size: 12pt;\">Mehr dazu lesen Sie <a href=\"http:\/\/www.verschwisterung-schotten.de\/vvs\/geschichte\/\">hier.<u><\/u><\/a><i><u><\/u><\/i><\/span><\/p>\t\t\t\t\t\t<\/div>\n\t\t\t\t<\/div>\n\t\t\t\t\t<\/div>\n\t\t<\/div>\n\t\t\t\t\t\t\t<\/div>\n\t\t<\/section>\n\t\t\t\t<section class=\"elementor-section elementor-top-section elementor-element elementor-element-7490b5cb elementor-section-boxed elementor-section-height-default elementor-section-height-default\" data-id=\"7490b5cb\" data-element_type=\"section\">\n\t\t\t\t\t\t<div class=\"elementor-container elementor-column-gap-default\">\n\t\t\t\t\t<div class=\"elementor-column elementor-col-100 elementor-top-column elementor-element elementor-element-7ad50562\" data-id=\"7ad50562\" data-element_type=\"column\">\n\t\t\t<div class=\"elementor-widget-wrap elementor-element-populated\">\n\t\t\t\t\t\t\t\t<div class=\"elementor-element elementor-element-28671d85 elementor-widget elementor-widget-image\" data-id=\"28671d85\" data-element_type=\"widget\" data-widget_type=\"image.default\">\n\t\t\t\t<div class=\"elementor-widget-container\">\n\t\t\t\t\t\t\t\t\t\t\t\t\t\t\t\t<a href=\"http:\/\/www.verschwisterung-schotten.de\/vvs\/vereinszweck\/\">\n\t\t\t\t\t\t\t<img loading=\"lazy\" decoding=\"async\" width=\"780\" height=\"101\" src=\"https:\/\/www.verschwisterung-schotten.de\/vvs\/wp-content\/uploads\/2019\/04\/Vereinszweck2-1.jpg\" class=\"attachment-large size-large wp-image-3735\" alt=\"\" srcset=\"https:\/\/www.verschwisterung-schotten.de\/vvs\/wp-content\/uploads\/2019\/04\/Vereinszweck2-1.jpg 780w, https:\/\/www.verschwisterung-schotten.de\/vvs\/wp-content\/uploads\/2019\/04\/Vereinszweck2-1-300x39.jpg 300w, https:\/\/www.verschwisterung-schotten.de\/vvs\/wp-content\/uploads\/2019\/04\/Vereinszweck2-1-768x99.jpg 768w\" sizes=\"(max-width: 780px) 100vw, 780px\" \/>\t\t\t\t\t\t\t\t<\/a>\n\t\t\t\t\t\t\t\t\t\t\t\t\t\t\t<\/div>\n\t\t\t\t<\/div>\n\t\t\t\t\t<\/div>\n\t\t<\/div>\n\t\t\t\t\t\t\t<\/div>\n\t\t<\/section>\n\t\t\t\t\t\t\t<\/div>\n\t\t","protected":false},"excerpt":{"rendered":"<p>Herzlich willkommenauf der Homepage desVerschwisterungsvereins Schotten e.V. 60 Jahre St\u00e4dtepartnerschaft Beloeil &#8211; Crosne &#8211; Schottens\u00a0Im Rahmen einer Jubil\u00e4umsfeier in unserer belgischen Partnerstadt Beloeil am 30. September 2023 wurden 60 Jahre St\u00e4dtepartnerschaft zwischen Beloeil, Crosne&#46;&#46;&#46;<\/p>\n","protected":false},"author":1,"featured_media":0,"parent":0,"menu_order":0,"comment_status":"closed","ping_status":"closed","template":"","meta":{"footnotes":""},"class_list":["post-9","page","type-page","status-publish","hentry"],"yoast_head":"<!-- This site is optimized with the Yoast SEO plugin v20.3 - https:\/\/yoast.com\/wordpress\/plugins\/seo\/ -->\n<title>Startseite - Verschwisterungsverein Schotten e.V.<\/title>\n<meta name=\"description\" content=\"Verein, Schotten - Verschwisterungsverein Schotten e.V. Startseite % Verschwisterung, Europa, Deutschland, Italien, Frankreich, Tschechien, Polen, Belgien, Partner, Partnerstadt, Deutschland, Berlin, Hessen\" \/>\n<meta name=\"robots\" content=\"index, follow, max-snippet:-1, max-image-preview:large, max-video-preview:-1\" \/>\n<link rel=\"canonical\" href=\"https:\/\/www.verschwisterung-schotten.de\/vvs\/\" \/>\n<meta property=\"og:locale\" content=\"de_DE\" \/>\n<meta property=\"og:type\" content=\"article\" \/>\n<meta property=\"og:title\" content=\"Startseite - Verschwisterungsverein Schotten e.V.\" \/>\n<meta property=\"og:description\" content=\"Verein, Schotten - Verschwisterungsverein Schotten e.V. Startseite % Verschwisterung, Europa, Deutschland, Italien, Frankreich, Tschechien, Polen, Belgien, Partner, Partnerstadt, Deutschland, Berlin, Hessen\" \/>\n<meta property=\"og:url\" content=\"https:\/\/www.verschwisterung-schotten.de\/vvs\/\" \/>\n<meta property=\"og:site_name\" content=\"Verschwisterungsverein Schotten e.V.\" \/>\n<meta property=\"article:publisher\" content=\"https:\/\/www.facebook.com\/verschwisterungschotten?ref=hl\" \/>\n<meta property=\"article:modified_time\" content=\"2024-01-29T10:17:12+00:00\" \/>\n<meta property=\"og:image\" content=\"https:\/\/www.verschwisterung-schotten.de\/vvs\/wp-content\/uploads\/2019\/04\/EU-Flag-Grafik-1_Layout-1.png\" \/>\n<meta name=\"twitter:card\" content=\"summary_large_image\" \/>\n<meta name=\"twitter:label1\" content=\"Gesch\u00e4tzte Lesezeit\" \/>\n\t<meta name=\"twitter:data1\" content=\"3\u00a0Minuten\" \/>\n<script type=\"application\/ld+json\" class=\"yoast-schema-graph\">{\"@context\":\"https:\/\/schema.org\",\"@graph\":[{\"@type\":\"WebPage\",\"@id\":\"https:\/\/www.verschwisterung-schotten.de\/vvs\/\",\"url\":\"https:\/\/www.verschwisterung-schotten.de\/vvs\/\",\"name\":\"Startseite - Verschwisterungsverein Schotten e.V.\",\"isPartOf\":{\"@id\":\"https:\/\/www.verschwisterung-schotten.de\/vvs\/#website\"},\"datePublished\":\"2018-06-14T18:43:49+00:00\",\"dateModified\":\"2024-01-29T10:17:12+00:00\",\"description\":\"Verein, Schotten - Verschwisterungsverein Schotten e.V. Startseite % Verschwisterung, Europa, Deutschland, Italien, Frankreich, Tschechien, Polen, Belgien, Partner, Partnerstadt, Deutschland, Berlin, Hessen\",\"breadcrumb\":{\"@id\":\"https:\/\/www.verschwisterung-schotten.de\/vvs\/#breadcrumb\"},\"inLanguage\":\"de\",\"potentialAction\":[{\"@type\":\"ReadAction\",\"target\":[\"https:\/\/www.verschwisterung-schotten.de\/vvs\/\"]}]},{\"@type\":\"BreadcrumbList\",\"@id\":\"https:\/\/www.verschwisterung-schotten.de\/vvs\/#breadcrumb\",\"itemListElement\":[{\"@type\":\"ListItem\",\"position\":1,\"name\":\"Startseite\",\"item\":\"https:\/\/www.verschwisterung-schotten.de\/vvs\/\"},{\"@type\":\"ListItem\",\"position\":2,\"name\":\"Startseite\"}]},{\"@type\":\"WebSite\",\"@id\":\"https:\/\/www.verschwisterung-schotten.de\/vvs\/#website\",\"url\":\"https:\/\/www.verschwisterung-schotten.de\/vvs\/\",\"name\":\"Verschwisterungsverein Schotten e.V.\",\"description\":\"Die Verbindung zu den Partnerst\u00e4dten in Europa\",\"potentialAction\":[{\"@type\":\"SearchAction\",\"target\":{\"@type\":\"EntryPoint\",\"urlTemplate\":\"https:\/\/www.verschwisterung-schotten.de\/vvs\/?s={search_term_string}\"},\"query-input\":\"required name=search_term_string\"}],\"inLanguage\":\"de\"}]}<\/script>\n<!-- \/ Yoast SEO plugin. -->","yoast_head_json":{"title":"Startseite - Verschwisterungsverein Schotten e.V.","description":"Verein, Schotten - Verschwisterungsverein Schotten e.V. Startseite % Verschwisterung, Europa, Deutschland, Italien, Frankreich, Tschechien, Polen, Belgien, Partner, Partnerstadt, Deutschland, Berlin, Hessen","robots":{"index":"index","follow":"follow","max-snippet":"max-snippet:-1","max-image-preview":"max-image-preview:large","max-video-preview":"max-video-preview:-1"},"canonical":"https:\/\/www.verschwisterung-schotten.de\/vvs\/","og_locale":"de_DE","og_type":"article","og_title":"Startseite - Verschwisterungsverein Schotten e.V.","og_description":"Verein, Schotten - Verschwisterungsverein Schotten e.V. Startseite % Verschwisterung, Europa, Deutschland, Italien, Frankreich, Tschechien, Polen, Belgien, Partner, Partnerstadt, Deutschland, Berlin, Hessen","og_url":"https:\/\/www.verschwisterung-schotten.de\/vvs\/","og_site_name":"Verschwisterungsverein Schotten e.V.","article_publisher":"https:\/\/www.facebook.com\/verschwisterungschotten?ref=hl","article_modified_time":"2024-01-29T10:17:12+00:00","og_image":[{"url":"https:\/\/www.verschwisterung-schotten.de\/vvs\/wp-content\/uploads\/2019\/04\/EU-Flag-Grafik-1_Layout-1.png"}],"twitter_card":"summary_large_image","twitter_misc":{"Gesch\u00e4tzte Lesezeit":"3\u00a0Minuten"},"schema":{"@context":"https:\/\/schema.org","@graph":[{"@type":"WebPage","@id":"https:\/\/www.verschwisterung-schotten.de\/vvs\/","url":"https:\/\/www.verschwisterung-schotten.de\/vvs\/","name":"Startseite - Verschwisterungsverein Schotten e.V.","isPartOf":{"@id":"https:\/\/www.verschwisterung-schotten.de\/vvs\/#website"},"datePublished":"2018-06-14T18:43:49+00:00","dateModified":"2024-01-29T10:17:12+00:00","description":"Verein, Schotten - Verschwisterungsverein Schotten e.V. Startseite % Verschwisterung, Europa, Deutschland, Italien, Frankreich, Tschechien, Polen, Belgien, Partner, Partnerstadt, Deutschland, Berlin, Hessen","breadcrumb":{"@id":"https:\/\/www.verschwisterung-schotten.de\/vvs\/#breadcrumb"},"inLanguage":"de","potentialAction":[{"@type":"ReadAction","target":["https:\/\/www.verschwisterung-schotten.de\/vvs\/"]}]},{"@type":"BreadcrumbList","@id":"https:\/\/www.verschwisterung-schotten.de\/vvs\/#breadcrumb","itemListElement":[{"@type":"ListItem","position":1,"name":"Startseite","item":"https:\/\/www.verschwisterung-schotten.de\/vvs\/"},{"@type":"ListItem","position":2,"name":"Startseite"}]},{"@type":"WebSite","@id":"https:\/\/www.verschwisterung-schotten.de\/vvs\/#website","url":"https:\/\/www.verschwisterung-schotten.de\/vvs\/","name":"Verschwisterungsverein Schotten e.V.","description":"Die Verbindung zu den Partnerst\u00e4dten in Europa","potentialAction":[{"@type":"SearchAction","target":{"@type":"EntryPoint","urlTemplate":"https:\/\/www.verschwisterung-schotten.de\/vvs\/?s={search_term_string}"},"query-input":"required name=search_term_string"}],"inLanguage":"de"}]}},"_links":{"self":[{"href":"https:\/\/www.verschwisterung-schotten.de\/vvs\/wp-json\/wp\/v2\/pages\/9","targetHints":{"allow":["GET"]}}],"collection":[{"href":"https:\/\/www.verschwisterung-schotten.de\/vvs\/wp-json\/wp\/v2\/pages"}],"about":[{"href":"https:\/\/www.verschwisterung-schotten.de\/vvs\/wp-json\/wp\/v2\/types\/page"}],"author":[{"embeddable":true,"href":"https:\/\/www.verschwisterung-schotten.de\/vvs\/wp-json\/wp\/v2\/users\/1"}],"replies":[{"embeddable":true,"href":"https:\/\/www.verschwisterung-schotten.de\/vvs\/wp-json\/wp\/v2\/comments?post=9"}],"version-history":[{"count":296,"href":"https:\/\/www.verschwisterung-schotten.de\/vvs\/wp-json\/wp\/v2\/pages\/9\/revisions"}],"predecessor-version":[{"id":4486,"href":"https:\/\/www.verschwisterung-schotten.de\/vvs\/wp-json\/wp\/v2\/pages\/9\/revisions\/4486"}],"wp:attachment":[{"href":"https:\/\/www.verschwisterung-schotten.de\/vvs\/wp-json\/wp\/v2\/media?parent=9"}],"curies":[{"name":"wp","href":"https:\/\/api.w.org\/{rel}","templated":true}]}}