{"id":3300,"date":"2019-03-27T19:47:14","date_gmt":"2019-03-27T18:47:14","guid":{"rendered":"http:\/\/www.verschwisterung-schotten.de\/vvs\/?page_id=3300"},"modified":"2019-04-02T16:36:38","modified_gmt":"2019-04-02T14:36:38","slug":"europaeisches-parlament","status":"publish","type":"page","link":"https:\/\/www.verschwisterung-schotten.de\/vvs\/europaeisches-parlament\/","title":{"rendered":"Europ\u00e4isches Parlament"},"content":{"rendered":"\t\t<div data-elementor-type=\"wp-post\" data-elementor-id=\"3300\" class=\"elementor elementor-3300\">\n\t\t\t\t\t\t\t\t\t<section class=\"elementor-section elementor-top-section elementor-element elementor-element-67461e5 elementor-section-boxed elementor-section-height-default elementor-section-height-default\" data-id=\"67461e5\" data-element_type=\"section\">\n\t\t\t\t\t\t<div class=\"elementor-container elementor-column-gap-default\">\n\t\t\t\t\t<div class=\"elementor-column elementor-col-100 elementor-top-column elementor-element elementor-element-267dcbe\" data-id=\"267dcbe\" data-element_type=\"column\">\n\t\t\t<div class=\"elementor-widget-wrap elementor-element-populated\">\n\t\t\t\t\t\t\t\t<div class=\"elementor-element elementor-element-2ce7958 elementor-widget elementor-widget-text-editor\" data-id=\"2ce7958\" data-element_type=\"widget\" data-widget_type=\"text-editor.default\">\n\t\t\t\t<div class=\"elementor-widget-container\">\n\t\t\t\t\t\t\t<p><strong><span style=\"font-family: Titillium Web; font-size: 18pt;\">Das Europ\u00e4ische Parlament: ein \u00dcberblick<\/span><\/strong><\/p><p><span style=\"font-family: Titillium Web;\"><span style=\"font-size: 12pt;\">Das Europ\u00e4ische Parlament ist das\u00a0Gesetzgebungsorgan\u00a0der EU. Es wird alle f\u00fcnf Jahre\u00a0direkt von den B\u00fcrge\u00adrinnen und B\u00fcrgern der EU gew\u00e4hlt. Die letzten Wahlen fanden im Mai 2014 statt.<\/span> <\/span><\/p><p class=\"western\"><span style=\"font-size: 18pt;\"><strong><span style=\"font-family: Titillium Web;\">Was tut das Parlament?<br \/><\/span><\/strong><\/span><span style=\"font-family: Titillium Web; font-size: 12pt;\">Das Parlament hat vor allem\u00a0drei Aufgaben:<\/span><\/p><p class=\"western\"><span style=\"font-size: 14pt;\"><strong><span style=\"font-family: Titillium Web;\">Gesetzgebung<\/span><\/strong><\/span><\/p><ul><li><p><span style=\"font-family: Titillium Web; font-size: 12pt;\">Verabschiedung von EU-Rechtsvorschriften, in Zusammenarbeit mit dem\u00a0Rat der EU auf der Grund\u00adlage von Vorschl\u00e4gen der\u00a0Europ\u00e4ischen Kommission<\/span><\/p><\/li><li><p><span style=\"font-family: Titillium Web; font-size: 12pt;\">Entscheidung \u00fcber internationale Abkommen<\/span><\/p><\/li><li><p><span style=\"font-family: Titillium Web; font-size: 12pt;\">Entscheidung \u00fcber Erweiterungen<\/span><\/p><\/li><li><p><span style=\"font-family: Titillium Web; font-size: 12pt;\">Pr\u00fcfung des\u00a0Arbeitsprogramms\u00a0der Kommission und Aufforderung der Kommission, Rechts\u00advorschriften vorzuschlagen<\/span><\/p><\/li><\/ul><p class=\"western\"><span style=\"font-size: 14pt;\"><strong><span style=\"font-family: Titillium Web;\">Aufsicht<\/span><\/strong><\/span><\/p><ul><li><p><span style=\"font-family: Titillium Web; font-size: 12pt;\">Demokratische Kontrolle aller EU-Organe<\/span><\/p><\/li><li><p><span style=\"font-family: Titillium Web; font-size: 12pt;\">Wahl der Pr\u00e4sidentin\/des Pr\u00e4sidenten der EU-Kommission und Zustimmung zur\u00a0Kommission als Kollegium. M\u00f6glichkeit, einen Misstrauensantrag zu stellen, der die gesamte Kommission zum R\u00fcck\u00adtritt zwingen k\u00f6nnte.<\/span><\/p><\/li><li><p><span style=\"font-family: Titillium Web; font-size: 12pt;\">Entlastung, d. h. Genehmigung der Ausgaben aus dem EU-Haushalt.<\/span><\/p><\/li><li><p><span style=\"font-family: Titillium Web; font-size: 12pt;\">Bearbeitung von\u00a0Petitionen\u00a0der EU-B\u00fcrgerinnen und -b\u00fcrger und Einsetzen von\u00a0Untersuchungs\u00adaussch\u00fcssen<\/span><\/p><\/li><li><p><span style=\"font-family: Titillium Web; font-size: 12pt;\">Er\u00f6rterung der W\u00e4hrungspolitik mit der\u00a0Europ\u00e4ischen Zentralbank<\/span><\/p><\/li><li><p><span style=\"font-family: Titillium Web; font-size: 12pt;\">Befragung von Kommission und Rat<\/span><\/p><\/li><li><p><span style=\"font-family: Titillium Web; font-size: 12pt;\">Wahlbeobachtung<\/span><\/p><\/li><\/ul><p class=\"western\"><strong><span style=\"font-family: Titillium Web; font-size: 14pt;\">Haushalt<\/span><\/strong><\/p><ul><li><p><span style=\"font-family: Titillium Web; font-size: 12pt;\">Aufstellung des Haushaltsplans der EU gemeinsam mit dem Rat<\/span><\/p><\/li><li><p><span style=\"font-family: Titillium Web; font-size: 12pt;\">Genehmigung des langfristigen EU-Haushalts, des so genannten \u201emehrj\u00e4hrigen Finanzrahmens\u201c<\/span><\/p><\/li><\/ul><p class=\"western\"><span style=\"font-size: 14pt;\"><strong><span style=\"font-family: Titillium Web;\">Zusammensetzung<br \/><\/span><\/strong><\/span><span style=\"font-family: Titillium Web; font-size: 12pt;\">Die Anzahl der\u00a0Abgeordneten\u00a0pro Land richtet sich ungef\u00e4hr nach der\u00a0Bev\u00f6lkerungszahl, wobei der Grund\u00adsatz der degressiven Proportionalit\u00e4t Anwendung findet: Kein Land kann weniger als sechs oder mehr als 96 Abgeordnete haben, und die Gesamtzahl der Abgeordneten darf 751 (750 plus Pr\u00e4sident\/-in) nicht \u00fcber\u00adschreiten. Die Mitglieder des Parlaments sind nach\u00a0Fraktionen\u00a0und nicht nach Staatsangeh\u00f6rigkeit grup\u00adpiert.<\/span><\/p><p><span style=\"font-family: Titillium Web; font-size: 12pt;\">Der\u00a0Pr\u00e4sident oder die Pr\u00e4sidentin\u00a0vertritt das Parlament\u00a0vor den anderen EU-Organen und der Au\u00dfenwelt und hat das letzte Wort bei der Genehmigung des EU-Haushalts.<\/span><\/p><p class=\"western\"><span style=\"font-size: 18pt;\"><strong><span style=\"font-family: Titillium Web;\">Wie funktioniert das Europ\u00e4ische Parlament?<br \/><\/span><\/strong><\/span><span style=\"font-family: Titillium Web; font-size: 12pt;\">Die Arbeit des Parlaments l\u00e4uft in zwei Stufen ab:<\/span><\/p><ul><li><p style=\"text-align: justify;\"><span style=\"font-family: Titillium Web; font-size: 12pt;\">In den\u00a0Aussch\u00fcssen\u00a0werden Rechtsvorschriften vorbereitet.<br \/>Das Parlament umfasst\u00a020\u00a0Aussch\u00fcsse und zwei Unteraussch\u00fcsse, die je f\u00fcr einen bestimmten Politikbereich zust\u00e4ndig sind. Die Aussch\u00fcsse pr\u00fcfen Legislativvorschl\u00e4ge, und Abgeordnete und Fraktionen k\u00f6nnen \u00c4nderungsvorschl\u00e4ge einbringen oder ein Gesetz ablehnen. Auch in den Fraktio\u00adnen werden die Vorschl\u00e4ge er\u00f6rtert.<\/span><\/p><\/li><li><p style=\"text-align: justify;\"><span style=\"font-family: Titillium Web; font-size: 12pt;\">Auf den\u00a0Plenartagungen\u00a0werden Rechtsvorschriften verabschiedet.<br \/>Bei Plenarsitzungen kommen alle Abgeordneten im Plenarsaal zusammen, um abschlie\u00dfend \u00fcber Legislativvorschl\u00e4ge und deren \u00c4nderungen abzustimmen. Normalerweise finden Plenarsitzungen an vier Tagen im Monat statt, doch gelegentlich k\u00f6nnen auch zus\u00e4tzliche Tagungen in Br\u00fcssel einbe\u00adrufen werden.<\/span><\/p><\/li><\/ul><p><span style=\"font-size: 14pt;\"><strong><span style=\"font-family: Titillium Web;\">Besuche<\/span><\/strong><\/span><\/p><ul><li><p style=\"text-align: justify;\"><span style=\"font-family: Titillium Web; font-size: 12pt;\">Das Europ\u00e4ische Parlament ist das Kernst\u00fcck der Demokratie in der Europ\u00e4ischen Union. Es vertritt 500\u00a0Millionen Menschen. Bei Ihrem Besuch in den Amtsgeb\u00e4uden in Br\u00fcssel erfahren Sie, wie das Europ\u00e4ische Parlament funktioniert und was es f\u00fcr die Unionsb\u00fcrgerinnen und -b\u00fcrger tut.<\/span><\/p><\/li><li><p><span style=\"font-family: Titillium Web; font-size: 12pt;\">Besuchsangebote: Das Besucherprogramm des Europ\u00e4ischen Parlaments umfasst Einzel- und Grup\u00adpenbesuche, Informationssitzungen und ein Rollenspiel f\u00fcr Schulgruppen.<\/span><\/p><\/li><li><p><span style=\"font-family: Titillium Web; font-size: 12pt;\">Alle Besuchsformen sind kostenlos, und die meisten k\u00f6nnen in allen Amtssprachen der Europ\u00e4\u00adischen Union angeboten werden.<\/span><\/p><\/li><\/ul>\t\t\t\t\t\t<\/div>\n\t\t\t\t<\/div>\n\t\t\t\t\t<\/div>\n\t\t<\/div>\n\t\t\t\t\t\t\t<\/div>\n\t\t<\/section>\n\t\t\t\t<section class=\"elementor-section elementor-top-section elementor-element elementor-element-a203218 elementor-section-boxed elementor-section-height-default elementor-section-height-default\" data-id=\"a203218\" data-element_type=\"section\">\n\t\t\t\t\t\t<div class=\"elementor-container elementor-column-gap-default\">\n\t\t\t\t\t<div class=\"elementor-column elementor-col-100 elementor-top-column elementor-element elementor-element-59c4376\" data-id=\"59c4376\" data-element_type=\"column\">\n\t\t\t<div class=\"elementor-widget-wrap elementor-element-populated\">\n\t\t\t\t\t\t\t\t<div class=\"elementor-element elementor-element-39ff8e2 elementor-widget elementor-widget-text-editor\" data-id=\"39ff8e2\" data-element_type=\"widget\" data-widget_type=\"text-editor.default\">\n\t\t\t\t<div class=\"elementor-widget-container\">\n\t\t\t\t\t\t\t<p><span style=\"font-size: 14pt; color: #ffffff;\"><strong>Zusammenfassung: Das Europ\u00e4ische Parlament<\/strong><\/span><\/p><p><span style=\"color: #ffffff;\"><span style=\"font-size: 12pt;\">Direkt gew\u00e4hltes EU-Organ mit Zust\u00e4ndigkeit f\u00fcr Gesetzgebung, Aufsicht und Haushalt<br \/><\/span><span style=\"font-size: 12pt;\"><strong>Mitglieder:<\/strong> 751 Mitglieder des Europ\u00e4ischen Parlaments<br \/><\/span><span style=\"font-size: 12pt;\"><strong>Pr\u00e4sident:<\/strong> Antonio Tajani<br \/><\/span><span style=\"font-size: 12pt;\"><strong>Gegr\u00fcndet:<\/strong> 1952 als Gemeinsamen Versammlung der Europ\u00e4ischen Gemeinschaft f\u00fcr Kohle und Stahl, <\/span><span style=\"font-size: 12pt;\">1962 umbenannt in Europ\u00e4isches Parlament. <\/span><span style=\"font-size: 12pt;\">1979 erste Direktwahl der Abgeordneten.<br \/><\/span><span style=\"font-size: 12pt;\"><strong>Standorte:<\/strong> Stra\u00dfburg (Frankreich), Br\u00fcssel (Belgien) und Luxemburg<\/span><\/span><\/p>\t\t\t\t\t\t<\/div>\n\t\t\t\t<\/div>\n\t\t\t\t\t<\/div>\n\t\t<\/div>\n\t\t\t\t\t\t\t<\/div>\n\t\t<\/section>\n\t\t\t\t<section class=\"elementor-section elementor-top-section elementor-element elementor-element-95bbe7c elementor-section-boxed elementor-section-height-default elementor-section-height-default\" data-id=\"95bbe7c\" data-element_type=\"section\">\n\t\t\t\t\t\t<div class=\"elementor-container elementor-column-gap-default\">\n\t\t\t\t\t<div class=\"elementor-column elementor-col-50 elementor-top-column elementor-element elementor-element-187f54e\" data-id=\"187f54e\" data-element_type=\"column\">\n\t\t\t<div class=\"elementor-widget-wrap elementor-element-populated\">\n\t\t\t\t\t\t\t\t<div class=\"elementor-element elementor-element-2d6cf75 elementor-widget elementor-widget-image\" data-id=\"2d6cf75\" data-element_type=\"widget\" data-widget_type=\"image.default\">\n\t\t\t\t<div class=\"elementor-widget-container\">\n\t\t\t\t\t\t\t\t\t\t\t\t\t\t\t\t<a href=\"http:\/\/www.verschwisterung-schotten.de\/vvs\/wp-content\/uploads\/2019\/03\/Europ\u00e4isches-Parlament_Fakten-und-Zahlen.pdf\" target=\"_blank\">\n\t\t\t\t\t\t\t<img fetchpriority=\"high\" decoding=\"async\" width=\"212\" height=\"300\" src=\"https:\/\/www.verschwisterung-schotten.de\/vvs\/wp-content\/uploads\/2019\/04\/Europ\u00e4isches-Parlament_Fakten-und-Zahlen-212x300.jpg\" class=\"elementor-animation-shrink attachment-medium size-medium wp-image-3647\" alt=\"\" srcset=\"https:\/\/www.verschwisterung-schotten.de\/vvs\/wp-content\/uploads\/2019\/04\/Europ\u00e4isches-Parlament_Fakten-und-Zahlen-212x300.jpg 212w, https:\/\/www.verschwisterung-schotten.de\/vvs\/wp-content\/uploads\/2019\/04\/Europ\u00e4isches-Parlament_Fakten-und-Zahlen-768x1086.jpg 768w, https:\/\/www.verschwisterung-schotten.de\/vvs\/wp-content\/uploads\/2019\/04\/Europ\u00e4isches-Parlament_Fakten-und-Zahlen-724x1024.jpg 724w, https:\/\/www.verschwisterung-schotten.de\/vvs\/wp-content\/uploads\/2019\/04\/Europ\u00e4isches-Parlament_Fakten-und-Zahlen.jpg 1654w\" sizes=\"(max-width: 212px) 100vw, 212px\" \/>\t\t\t\t\t\t\t\t<\/a>\n\t\t\t\t\t\t\t\t\t\t\t\t\t\t\t<\/div>\n\t\t\t\t<\/div>\n\t\t\t\t\t<\/div>\n\t\t<\/div>\n\t\t\t\t<div class=\"elementor-column elementor-col-50 elementor-top-column elementor-element elementor-element-3625d2a\" data-id=\"3625d2a\" data-element_type=\"column\">\n\t\t\t<div class=\"elementor-widget-wrap elementor-element-populated\">\n\t\t\t\t\t\t\t\t<div class=\"elementor-element elementor-element-af1e665 elementor-widget elementor-widget-text-editor\" data-id=\"af1e665\" data-element_type=\"widget\" data-widget_type=\"text-editor.default\">\n\t\t\t\t<div class=\"elementor-widget-container\">\n\t\t\t\t\t\t\t<p><a href=\"http:\/\/www.verschwisterung-schotten.de\/vvs\/wp-content\/uploads\/2019\/03\/Europ\u00e4isches-Parlament_Fakten-und-Zahlen.pdf\" target=\"_blank\" rel=\"noopener\" data-wplink-edit=\"true\"><span style=\"font-size: 12pt;\">Europ\u00e4isches Parlament, Fakten und Zahlen (PDF Download)<\/span><\/a><\/p>\t\t\t\t\t\t<\/div>\n\t\t\t\t<\/div>\n\t\t\t\t\t<\/div>\n\t\t<\/div>\n\t\t\t\t\t\t\t<\/div>\n\t\t<\/section>\n\t\t\t\t\t\t\t<\/div>\n\t\t","protected":false},"excerpt":{"rendered":"<p>Das Europ\u00e4ische Parlament: ein \u00dcberblick Das Europ\u00e4ische Parlament ist das\u00a0Gesetzgebungsorgan\u00a0der EU. Es wird alle f\u00fcnf Jahre\u00a0direkt von den B\u00fcrge\u00adrinnen und B\u00fcrgern der EU gew\u00e4hlt. Die letzten Wahlen fanden im Mai 2014 statt. Was tut&#46;&#46;&#46;<\/p>\n","protected":false},"author":1,"featured_media":0,"parent":0,"menu_order":0,"comment_status":"closed","ping_status":"closed","template":"","meta":{"footnotes":""},"class_list":["post-3300","page","type-page","status-publish","hentry"],"yoast_head":"<!-- This site is optimized with the Yoast SEO plugin v20.3 - https:\/\/yoast.com\/wordpress\/plugins\/seo\/ -->\n<title>Europ\u00e4isches Parlament - Verschwisterungsverein Schotten e.V.<\/title>\n<meta name=\"description\" content=\"Verein, Schotten - Verschwisterungsverein Schotten e.V. Europ\u00e4isches Parlament % Verschwisterung, Europa, Deutschland, Italien, Frankreich, Tschechien, Polen, Belgien, Partner, Partnerstadt, Deutschland, Berlin, Hessen\" \/>\n<meta name=\"robots\" content=\"index, follow, max-snippet:-1, max-image-preview:large, max-video-preview:-1\" \/>\n<link rel=\"canonical\" href=\"https:\/\/www.verschwisterung-schotten.de\/vvs\/europaeisches-parlament\/\" \/>\n<meta property=\"og:locale\" content=\"de_DE\" \/>\n<meta property=\"og:type\" content=\"article\" \/>\n<meta property=\"og:title\" content=\"Europ\u00e4isches Parlament - Verschwisterungsverein Schotten e.V.\" \/>\n<meta property=\"og:description\" content=\"Verein, Schotten - Verschwisterungsverein Schotten e.V. Europ\u00e4isches Parlament % Verschwisterung, Europa, Deutschland, Italien, Frankreich, Tschechien, Polen, Belgien, Partner, Partnerstadt, Deutschland, Berlin, Hessen\" \/>\n<meta property=\"og:url\" content=\"https:\/\/www.verschwisterung-schotten.de\/vvs\/europaeisches-parlament\/\" \/>\n<meta property=\"og:site_name\" content=\"Verschwisterungsverein Schotten e.V.\" \/>\n<meta property=\"article:publisher\" content=\"https:\/\/www.facebook.com\/verschwisterungschotten?ref=hl\" \/>\n<meta property=\"article:modified_time\" content=\"2019-04-02T14:36:38+00:00\" \/>\n<meta property=\"og:image\" content=\"http:\/\/www.verschwisterung-schotten.de\/vvs\/wp-content\/uploads\/2019\/04\/Europ\u00e4isches-Parlament_Fakten-und-Zahlen-212x300.jpg\" \/>\n<meta name=\"twitter:card\" content=\"summary_large_image\" \/>\n<meta name=\"twitter:label1\" content=\"Gesch\u00e4tzte Lesezeit\" \/>\n\t<meta name=\"twitter:data1\" content=\"3\u00a0Minuten\" \/>\n<script type=\"application\/ld+json\" class=\"yoast-schema-graph\">{\"@context\":\"https:\/\/schema.org\",\"@graph\":[{\"@type\":\"WebPage\",\"@id\":\"https:\/\/www.verschwisterung-schotten.de\/vvs\/europaeisches-parlament\/\",\"url\":\"https:\/\/www.verschwisterung-schotten.de\/vvs\/europaeisches-parlament\/\",\"name\":\"Europ\u00e4isches Parlament - Verschwisterungsverein Schotten e.V.\",\"isPartOf\":{\"@id\":\"https:\/\/www.verschwisterung-schotten.de\/vvs\/#website\"},\"datePublished\":\"2019-03-27T18:47:14+00:00\",\"dateModified\":\"2019-04-02T14:36:38+00:00\",\"description\":\"Verein, Schotten - Verschwisterungsverein Schotten e.V. Europ\u00e4isches Parlament % Verschwisterung, Europa, Deutschland, Italien, Frankreich, Tschechien, Polen, Belgien, Partner, Partnerstadt, Deutschland, Berlin, Hessen\",\"breadcrumb\":{\"@id\":\"https:\/\/www.verschwisterung-schotten.de\/vvs\/europaeisches-parlament\/#breadcrumb\"},\"inLanguage\":\"de\",\"potentialAction\":[{\"@type\":\"ReadAction\",\"target\":[\"https:\/\/www.verschwisterung-schotten.de\/vvs\/europaeisches-parlament\/\"]}]},{\"@type\":\"BreadcrumbList\",\"@id\":\"https:\/\/www.verschwisterung-schotten.de\/vvs\/europaeisches-parlament\/#breadcrumb\",\"itemListElement\":[{\"@type\":\"ListItem\",\"position\":1,\"name\":\"Startseite\",\"item\":\"https:\/\/www.verschwisterung-schotten.de\/vvs\/\"},{\"@type\":\"ListItem\",\"position\":2,\"name\":\"Europ\u00e4isches Parlament\"}]},{\"@type\":\"WebSite\",\"@id\":\"https:\/\/www.verschwisterung-schotten.de\/vvs\/#website\",\"url\":\"https:\/\/www.verschwisterung-schotten.de\/vvs\/\",\"name\":\"Verschwisterungsverein Schotten e.V.\",\"description\":\"Die Verbindung zu den Partnerst\u00e4dten in Europa\",\"potentialAction\":[{\"@type\":\"SearchAction\",\"target\":{\"@type\":\"EntryPoint\",\"urlTemplate\":\"https:\/\/www.verschwisterung-schotten.de\/vvs\/?s={search_term_string}\"},\"query-input\":\"required name=search_term_string\"}],\"inLanguage\":\"de\"}]}<\/script>\n<!-- \/ Yoast SEO plugin. -->","yoast_head_json":{"title":"Europ\u00e4isches Parlament - Verschwisterungsverein Schotten e.V.","description":"Verein, Schotten - Verschwisterungsverein Schotten e.V. Europ\u00e4isches Parlament % Verschwisterung, Europa, Deutschland, Italien, Frankreich, Tschechien, Polen, Belgien, Partner, Partnerstadt, Deutschland, Berlin, Hessen","robots":{"index":"index","follow":"follow","max-snippet":"max-snippet:-1","max-image-preview":"max-image-preview:large","max-video-preview":"max-video-preview:-1"},"canonical":"https:\/\/www.verschwisterung-schotten.de\/vvs\/europaeisches-parlament\/","og_locale":"de_DE","og_type":"article","og_title":"Europ\u00e4isches Parlament - Verschwisterungsverein Schotten e.V.","og_description":"Verein, Schotten - Verschwisterungsverein Schotten e.V. Europ\u00e4isches Parlament % Verschwisterung, Europa, Deutschland, Italien, Frankreich, Tschechien, Polen, Belgien, Partner, Partnerstadt, Deutschland, Berlin, Hessen","og_url":"https:\/\/www.verschwisterung-schotten.de\/vvs\/europaeisches-parlament\/","og_site_name":"Verschwisterungsverein Schotten e.V.","article_publisher":"https:\/\/www.facebook.com\/verschwisterungschotten?ref=hl","article_modified_time":"2019-04-02T14:36:38+00:00","og_image":[{"url":"http:\/\/www.verschwisterung-schotten.de\/vvs\/wp-content\/uploads\/2019\/04\/Europ\u00e4isches-Parlament_Fakten-und-Zahlen-212x300.jpg"}],"twitter_card":"summary_large_image","twitter_misc":{"Gesch\u00e4tzte Lesezeit":"3\u00a0Minuten"},"schema":{"@context":"https:\/\/schema.org","@graph":[{"@type":"WebPage","@id":"https:\/\/www.verschwisterung-schotten.de\/vvs\/europaeisches-parlament\/","url":"https:\/\/www.verschwisterung-schotten.de\/vvs\/europaeisches-parlament\/","name":"Europ\u00e4isches Parlament - Verschwisterungsverein Schotten e.V.","isPartOf":{"@id":"https:\/\/www.verschwisterung-schotten.de\/vvs\/#website"},"datePublished":"2019-03-27T18:47:14+00:00","dateModified":"2019-04-02T14:36:38+00:00","description":"Verein, Schotten - Verschwisterungsverein Schotten e.V. Europ\u00e4isches Parlament % Verschwisterung, Europa, Deutschland, Italien, Frankreich, Tschechien, Polen, Belgien, Partner, Partnerstadt, Deutschland, Berlin, Hessen","breadcrumb":{"@id":"https:\/\/www.verschwisterung-schotten.de\/vvs\/europaeisches-parlament\/#breadcrumb"},"inLanguage":"de","potentialAction":[{"@type":"ReadAction","target":["https:\/\/www.verschwisterung-schotten.de\/vvs\/europaeisches-parlament\/"]}]},{"@type":"BreadcrumbList","@id":"https:\/\/www.verschwisterung-schotten.de\/vvs\/europaeisches-parlament\/#breadcrumb","itemListElement":[{"@type":"ListItem","position":1,"name":"Startseite","item":"https:\/\/www.verschwisterung-schotten.de\/vvs\/"},{"@type":"ListItem","position":2,"name":"Europ\u00e4isches Parlament"}]},{"@type":"WebSite","@id":"https:\/\/www.verschwisterung-schotten.de\/vvs\/#website","url":"https:\/\/www.verschwisterung-schotten.de\/vvs\/","name":"Verschwisterungsverein Schotten e.V.","description":"Die Verbindung zu den Partnerst\u00e4dten in Europa","potentialAction":[{"@type":"SearchAction","target":{"@type":"EntryPoint","urlTemplate":"https:\/\/www.verschwisterung-schotten.de\/vvs\/?s={search_term_string}"},"query-input":"required name=search_term_string"}],"inLanguage":"de"}]}},"_links":{"self":[{"href":"https:\/\/www.verschwisterung-schotten.de\/vvs\/wp-json\/wp\/v2\/pages\/3300","targetHints":{"allow":["GET"]}}],"collection":[{"href":"https:\/\/www.verschwisterung-schotten.de\/vvs\/wp-json\/wp\/v2\/pages"}],"about":[{"href":"https:\/\/www.verschwisterung-schotten.de\/vvs\/wp-json\/wp\/v2\/types\/page"}],"author":[{"embeddable":true,"href":"https:\/\/www.verschwisterung-schotten.de\/vvs\/wp-json\/wp\/v2\/users\/1"}],"replies":[{"embeddable":true,"href":"https:\/\/www.verschwisterung-schotten.de\/vvs\/wp-json\/wp\/v2\/comments?post=3300"}],"version-history":[{"count":14,"href":"https:\/\/www.verschwisterung-schotten.de\/vvs\/wp-json\/wp\/v2\/pages\/3300\/revisions"}],"predecessor-version":[{"id":3665,"href":"https:\/\/www.verschwisterung-schotten.de\/vvs\/wp-json\/wp\/v2\/pages\/3300\/revisions\/3665"}],"wp:attachment":[{"href":"https:\/\/www.verschwisterung-schotten.de\/vvs\/wp-json\/wp\/v2\/media?parent=3300"}],"curies":[{"name":"wp","href":"https:\/\/api.w.org\/{rel}","templated":true}]}}