{"id":3211,"date":"2019-03-26T17:39:21","date_gmt":"2019-03-26T16:39:21","guid":{"rendered":"http:\/\/www.verschwisterung-schotten.de\/vvs\/?page_id=3211"},"modified":"2019-03-26T20:39:52","modified_gmt":"2019-03-26T19:39:52","slug":"ozimek-stadtansichten","status":"publish","type":"page","link":"https:\/\/www.verschwisterung-schotten.de\/vvs\/ozimek-stadtansichten\/","title":{"rendered":"Ozimek &#8211; Stadtansichten"},"content":{"rendered":"\t\t<div data-elementor-type=\"wp-post\" data-elementor-id=\"3211\" class=\"elementor elementor-3211\">\n\t\t\t\t\t\t\t\t\t<section class=\"elementor-section elementor-top-section elementor-element elementor-element-c651f85 elementor-section-boxed elementor-section-height-default elementor-section-height-default\" data-id=\"c651f85\" data-element_type=\"section\">\n\t\t\t\t\t\t<div class=\"elementor-container elementor-column-gap-default\">\n\t\t\t\t\t<div class=\"elementor-column elementor-col-100 elementor-top-column elementor-element elementor-element-8400f11\" data-id=\"8400f11\" data-element_type=\"column\">\n\t\t\t<div class=\"elementor-widget-wrap elementor-element-populated\">\n\t\t\t\t\t\t\t\t<div class=\"elementor-element elementor-element-959208d elementor-widget elementor-widget-menu-anchor\" data-id=\"959208d\" data-element_type=\"widget\" data-widget_type=\"menu-anchor.default\">\n\t\t\t\t<div class=\"elementor-widget-container\">\n\t\t\t\t\t<div id=\"stadt\" class=\"elementor-menu-anchor\"><\/div>\n\t\t\t\t<\/div>\n\t\t\t\t<\/div>\n\t\t\t\t<div class=\"elementor-element elementor-element-6165229 elementor-widget elementor-widget-button\" data-id=\"6165229\" data-element_type=\"widget\" data-widget_type=\"button.default\">\n\t\t\t\t<div class=\"elementor-widget-container\">\n\t\t\t\t\t<div class=\"elementor-button-wrapper\">\n\t\t\t<a class=\"elementor-button elementor-button-link elementor-size-md\" href=\"http:\/\/www.verschwisterung-schotten.de\/vvs\/ozimek-2\/#stadt\" id=\"stadt\">\n\t\t\t\t\t\t<span class=\"elementor-button-content-wrapper\">\n\t\t\t\t\t\t<span class=\"elementor-button-icon elementor-align-icon-left\">\n\t\t\t\t\t\t\t\t\t<i class=\"fa fa-angle-left\" aria-hidden=\"true\"><\/i>\n\t\t\t\t\t\t\t<\/span>\n\t\t\t\t\t\t<span class=\"elementor-button-text\">Zur\u00fcck<\/span>\n\t\t<\/span>\n\t\t\t\t\t<\/a>\n\t\t<\/div>\n\t\t\t\t<\/div>\n\t\t\t\t<\/div>\n\t\t\t\t\t<\/div>\n\t\t<\/div>\n\t\t\t\t\t\t\t<\/div>\n\t\t<\/section>\n\t\t\t\t<section class=\"elementor-section elementor-top-section elementor-element elementor-element-15e7480 elementor-section-boxed elementor-section-height-default elementor-section-height-default\" data-id=\"15e7480\" data-element_type=\"section\">\n\t\t\t\t\t\t<div class=\"elementor-container elementor-column-gap-default\">\n\t\t\t\t\t<div class=\"elementor-column elementor-col-100 elementor-top-column elementor-element elementor-element-d34fbbf\" data-id=\"d34fbbf\" data-element_type=\"column\">\n\t\t\t<div class=\"elementor-widget-wrap elementor-element-populated\">\n\t\t\t\t\t\t\t\t<div class=\"elementor-element elementor-element-55ee07c elementor-tabs-view-horizontal elementor-widget elementor-widget-tabs\" data-id=\"55ee07c\" data-element_type=\"widget\" data-widget_type=\"tabs.default\">\n\t\t\t\t<div class=\"elementor-widget-container\">\n\t\t\t\t\t<div class=\"elementor-tabs\">\n\t\t\t<div class=\"elementor-tabs-wrapper\" role=\"tablist\" >\n\t\t\t\t\t\t\t\t\t<div id=\"elementor-tab-title-9011\" class=\"elementor-tab-title elementor-tab-desktop-title\" aria-selected=\"true\" data-tab=\"1\" role=\"tab\" tabindex=\"0\" aria-controls=\"elementor-tab-content-9011\" aria-expanded=\"false\">Stadtansichten<\/div>\n\t\t\t\t\t\t\t<\/div>\n\t\t\t<div class=\"elementor-tabs-content-wrapper\" role=\"tablist\" aria-orientation=\"vertical\">\n\t\t\t\t\t\t\t\t\t<div class=\"elementor-tab-title elementor-tab-mobile-title\" aria-selected=\"true\" data-tab=\"1\" role=\"tab\" tabindex=\"0\" aria-controls=\"elementor-tab-content-9011\" aria-expanded=\"false\">Stadtansichten<\/div>\n\t\t\t\t\t<div id=\"elementor-tab-content-9011\" class=\"elementor-tab-content elementor-clearfix\" data-tab=\"1\" role=\"tabpanel\" aria-labelledby=\"elementor-tab-title-9011\" tabindex=\"0\" hidden=\"false\"><p><style type=\"text\/css\">\r\n\t#foogallery-gallery-3250 .fg-image {\r\n        width: 164px;\r\n    }\r\n<\/style>\r\n\t\t\t\t<div class=\"foogallery foogallery-container foogallery-default foogallery-lightbox-foobox fg-gutter-10 fg-left fg-default fg-light fg-border-thin fg-shadow-outline fg-loading-default fg-loaded-fade-in fg-caption-hover fg-hover-fade fg-hover-zoom fg-ready\" id=\"foogallery-gallery-3250\" data-foogallery=\"{&quot;item&quot;:{&quot;showCaptionTitle&quot;:true,&quot;showCaptionDescription&quot;:false},&quot;lazy&quot;:true}\" >\r\n\t<div class=\"fg-item fg-type-image fg-idle\"><figure class=\"fg-item-inner\"><a href=\"https:\/\/www.verschwisterung-schotten.de\/vvs\/wp-content\/uploads\/2019\/03\/S-01-Ozimek_Historische-Kettenbr\u00fccke-wikipedia.pl_.jpg\" data-caption-title=\"Historische Kettenbr\u00fccke (wikipedia.pl)\" data-attachment-id=\"3247\" data-type=\"image\" class=\"fg-thumb\"><span class=\"fg-image-wrap\"><img decoding=\"async\" title=\"Historische Kettenbr\u00fccke (wikipedia.pl)\" width=\"164\" height=\"164\" class=\"skip-lazy fg-image\" data-src-fg=\"https:\/\/www.verschwisterung-schotten.de\/vvs\/wp-content\/uploads\/cache\/2019\/03\/S-01-Ozimek_Historische-Kettenbr\u00fccke-wikipedia_pl_\/2012624870.jpg\" src=\"data:image\/svg+xml,%3Csvg%20xmlns%3D%22http%3A%2F%2Fwww.w3.org%2F2000%2Fsvg%22%20width%3D%22164%22%20height%3D%22164%22%20viewBox%3D%220%200%20164%20164%22%3E%3C%2Fsvg%3E\" loading=\"eager\"><\/span><span class=\"fg-image-overlay\"><\/span><\/a><figcaption class=\"fg-caption\"><div class=\"fg-caption-inner\"><div class=\"fg-caption-title\">Historische Kettenbr\u00fccke (wikipedia.pl)<\/div><\/div><\/figcaption><\/figure><div class=\"fg-loader\"><\/div><\/div><div class=\"fg-item fg-type-image fg-idle\"><figure class=\"fg-item-inner\"><a href=\"https:\/\/www.verschwisterung-schotten.de\/vvs\/wp-content\/uploads\/2019\/03\/S-02-Ozimek_Historische-Kettenbr\u00fccke-wikipedia.de_.jpg\" data-caption-title=\"Historische Kettenbr\u00fccke (wikipedia.de)\" data-attachment-id=\"3246\" data-type=\"image\" class=\"fg-thumb\"><span class=\"fg-image-wrap\"><img decoding=\"async\" title=\"Historische Kettenbr\u00fccke (wikipedia.de)\" width=\"164\" height=\"164\" class=\"skip-lazy fg-image\" data-src-fg=\"https:\/\/www.verschwisterung-schotten.de\/vvs\/wp-content\/uploads\/cache\/2019\/03\/S-02-Ozimek_Historische-Kettenbr\u00fccke-wikipedia_de_\/2893498772.jpg\" src=\"data:image\/svg+xml,%3Csvg%20xmlns%3D%22http%3A%2F%2Fwww.w3.org%2F2000%2Fsvg%22%20width%3D%22164%22%20height%3D%22164%22%20viewBox%3D%220%200%20164%20164%22%3E%3C%2Fsvg%3E\" loading=\"eager\"><\/span><span class=\"fg-image-overlay\"><\/span><\/a><figcaption class=\"fg-caption\"><div class=\"fg-caption-inner\"><div class=\"fg-caption-title\">Historische Kettenbr\u00fccke (wikipedia.de)<\/div><\/div><\/figcaption><\/figure><div class=\"fg-loader\"><\/div><\/div><div class=\"fg-item fg-type-image fg-idle\"><figure class=\"fg-item-inner\"><a href=\"https:\/\/www.verschwisterung-schotten.de\/vvs\/wp-content\/uploads\/2019\/03\/S-03-Ozimek_Malapane-mit-Kettenbr\u00fccke-im-19.Jahrhundert-wikipedia.de_.jpg\" data-caption-title=\"Malapane mit Kettenbr\u00fccke im 19.Jahrhundert (wikipedia.de)\" data-attachment-id=\"3245\" data-type=\"image\" class=\"fg-thumb\"><span class=\"fg-image-wrap\"><img decoding=\"async\" title=\"Malapane mit Kettenbr\u00fccke im 19.Jahrhundert (wikipedia.de)\" width=\"164\" height=\"164\" class=\"skip-lazy fg-image\" data-src-fg=\"https:\/\/www.verschwisterung-schotten.de\/vvs\/wp-content\/uploads\/cache\/2019\/03\/S-03-Ozimek_Malapane-mit-Kettenbr\u00fccke-im-19_Jahrhundert-wikipedia_de_\/3321667067.jpg\" src=\"data:image\/svg+xml,%3Csvg%20xmlns%3D%22http%3A%2F%2Fwww.w3.org%2F2000%2Fsvg%22%20width%3D%22164%22%20height%3D%22164%22%20viewBox%3D%220%200%20164%20164%22%3E%3C%2Fsvg%3E\" loading=\"eager\"><\/span><span class=\"fg-image-overlay\"><\/span><\/a><figcaption class=\"fg-caption\"><div class=\"fg-caption-inner\"><div class=\"fg-caption-title\">Malapane mit Kettenbr\u00fccke im 19.Jahrhundert (wikipedia.de)<\/div><\/div><\/figcaption><\/figure><div class=\"fg-loader\"><\/div><\/div><div class=\"fg-item fg-type-image fg-idle\"><figure class=\"fg-item-inner\"><a href=\"https:\/\/www.verschwisterung-schotten.de\/vvs\/wp-content\/uploads\/2019\/03\/S-04-Ozimek_Schinkel-Kirche-Vorderansicht-wikipedia.de_.jpg\" data-caption-title=\"Schinkel-Kirche Vorderansicht (wikipedia.de)\" data-attachment-id=\"3244\" data-type=\"image\" class=\"fg-thumb\"><span class=\"fg-image-wrap\"><img decoding=\"async\" title=\"Schinkel-Kirche Vorderansicht (wikipedia.de)\" width=\"164\" height=\"164\" class=\"skip-lazy fg-image\" data-src-fg=\"https:\/\/www.verschwisterung-schotten.de\/vvs\/wp-content\/uploads\/cache\/2019\/03\/S-04-Ozimek_Schinkel-Kirche-Vorderansicht-wikipedia_de_\/1730580083.jpg\" src=\"data:image\/svg+xml,%3Csvg%20xmlns%3D%22http%3A%2F%2Fwww.w3.org%2F2000%2Fsvg%22%20width%3D%22164%22%20height%3D%22164%22%20viewBox%3D%220%200%20164%20164%22%3E%3C%2Fsvg%3E\" loading=\"eager\"><\/span><span class=\"fg-image-overlay\"><\/span><\/a><figcaption class=\"fg-caption\"><div class=\"fg-caption-inner\"><div class=\"fg-caption-title\">Schinkel-Kirche Vorderansicht (wikipedia.de)<\/div><\/div><\/figcaption><\/figure><div class=\"fg-loader\"><\/div><\/div><div class=\"fg-item fg-type-image fg-idle\"><figure class=\"fg-item-inner\"><a href=\"https:\/\/www.verschwisterung-schotten.de\/vvs\/wp-content\/uploads\/2019\/03\/S-05-Ozimek_Schinkel-Kirche-Seitenansicht.jpg\" data-caption-title=\"Schinkel-Kirche Seitenansicht\" data-attachment-id=\"3243\" data-type=\"image\" class=\"fg-thumb\"><span class=\"fg-image-wrap\"><img decoding=\"async\" title=\"Schinkel-Kirche Seitenansicht\" width=\"164\" height=\"164\" class=\"skip-lazy fg-image\" data-src-fg=\"https:\/\/www.verschwisterung-schotten.de\/vvs\/wp-content\/uploads\/cache\/2019\/03\/S-05-Ozimek_Schinkel-Kirche-Seitenansicht\/3840204301.jpg\" src=\"data:image\/svg+xml,%3Csvg%20xmlns%3D%22http%3A%2F%2Fwww.w3.org%2F2000%2Fsvg%22%20width%3D%22164%22%20height%3D%22164%22%20viewBox%3D%220%200%20164%20164%22%3E%3C%2Fsvg%3E\" loading=\"eager\"><\/span><span class=\"fg-image-overlay\"><\/span><\/a><figcaption class=\"fg-caption\"><div class=\"fg-caption-inner\"><div class=\"fg-caption-title\">Schinkel-Kirche Seitenansicht<\/div><\/div><\/figcaption><\/figure><div class=\"fg-loader\"><\/div><\/div><\/div>\r\n<\/p><\/div>\n\t\t\t\t\t\t\t<\/div>\n\t\t<\/div>\n\t\t\t\t<\/div>\n\t\t\t\t<\/div>\n\t\t\t\t\t<\/div>\n\t\t<\/div>\n\t\t\t\t\t\t\t<\/div>\n\t\t<\/section>\n\t\t\t\t\t\t\t<\/div>\n\t\t","protected":false},"excerpt":{"rendered":"<p>Zur\u00fcck Stadtansichten Stadtansichten Historische Kettenbr\u00fccke (wikipedia.pl) Historische Kettenbr\u00fccke (wikipedia.de) Malapane mit Kettenbr\u00fccke im 19.Jahrhundert (wikipedia.de) Schinkel-Kirche Vorderansicht (wikipedia.de) Schinkel-Kirche Seitenansicht<\/p>\n","protected":false},"author":1,"featured_media":0,"parent":0,"menu_order":0,"comment_status":"closed","ping_status":"closed","template":"","meta":{"footnotes":""},"class_list":["post-3211","page","type-page","status-publish","hentry"],"yoast_head":"<!-- This site is optimized with the Yoast SEO plugin v20.3 - https:\/\/yoast.com\/wordpress\/plugins\/seo\/ -->\n<title>Ozimek - Stadtansichten - Verschwisterungsverein Schotten e.V.<\/title>\n<meta name=\"description\" content=\"Verein, Schotten - Verschwisterungsverein Schotten e.V. Ozimek - Stadtansichten % Verschwisterung, Europa, Deutschland, Italien, Frankreich, Tschechien, Polen, Belgien, Partner, Partnerstadt, Deutschland, Berlin, Hessen\" \/>\n<meta name=\"robots\" content=\"index, follow, max-snippet:-1, max-image-preview:large, max-video-preview:-1\" \/>\n<link rel=\"canonical\" href=\"https:\/\/www.verschwisterung-schotten.de\/vvs\/ozimek-stadtansichten\/\" \/>\n<meta property=\"og:locale\" content=\"de_DE\" \/>\n<meta property=\"og:type\" content=\"article\" \/>\n<meta property=\"og:title\" content=\"Ozimek - Stadtansichten - Verschwisterungsverein Schotten e.V.\" \/>\n<meta property=\"og:description\" content=\"Verein, Schotten - Verschwisterungsverein Schotten e.V. Ozimek - Stadtansichten % Verschwisterung, Europa, Deutschland, Italien, Frankreich, Tschechien, Polen, Belgien, Partner, Partnerstadt, Deutschland, Berlin, Hessen\" \/>\n<meta property=\"og:url\" content=\"https:\/\/www.verschwisterung-schotten.de\/vvs\/ozimek-stadtansichten\/\" \/>\n<meta property=\"og:site_name\" content=\"Verschwisterungsverein Schotten e.V.\" \/>\n<meta property=\"article:publisher\" content=\"https:\/\/www.facebook.com\/verschwisterungschotten?ref=hl\" \/>\n<meta property=\"article:modified_time\" content=\"2019-03-26T19:39:52+00:00\" \/>\n<meta name=\"twitter:card\" content=\"summary_large_image\" \/>\n<script type=\"application\/ld+json\" class=\"yoast-schema-graph\">{\"@context\":\"https:\/\/schema.org\",\"@graph\":[{\"@type\":\"WebPage\",\"@id\":\"https:\/\/www.verschwisterung-schotten.de\/vvs\/ozimek-stadtansichten\/\",\"url\":\"https:\/\/www.verschwisterung-schotten.de\/vvs\/ozimek-stadtansichten\/\",\"name\":\"Ozimek - Stadtansichten - Verschwisterungsverein Schotten e.V.\",\"isPartOf\":{\"@id\":\"https:\/\/www.verschwisterung-schotten.de\/vvs\/#website\"},\"datePublished\":\"2019-03-26T16:39:21+00:00\",\"dateModified\":\"2019-03-26T19:39:52+00:00\",\"description\":\"Verein, Schotten - Verschwisterungsverein Schotten e.V. Ozimek - Stadtansichten % Verschwisterung, Europa, Deutschland, Italien, Frankreich, Tschechien, Polen, Belgien, Partner, Partnerstadt, Deutschland, Berlin, Hessen\",\"breadcrumb\":{\"@id\":\"https:\/\/www.verschwisterung-schotten.de\/vvs\/ozimek-stadtansichten\/#breadcrumb\"},\"inLanguage\":\"de\",\"potentialAction\":[{\"@type\":\"ReadAction\",\"target\":[\"https:\/\/www.verschwisterung-schotten.de\/vvs\/ozimek-stadtansichten\/\"]}]},{\"@type\":\"BreadcrumbList\",\"@id\":\"https:\/\/www.verschwisterung-schotten.de\/vvs\/ozimek-stadtansichten\/#breadcrumb\",\"itemListElement\":[{\"@type\":\"ListItem\",\"position\":1,\"name\":\"Startseite\",\"item\":\"https:\/\/www.verschwisterung-schotten.de\/vvs\/\"},{\"@type\":\"ListItem\",\"position\":2,\"name\":\"Ozimek &#8211; Stadtansichten\"}]},{\"@type\":\"WebSite\",\"@id\":\"https:\/\/www.verschwisterung-schotten.de\/vvs\/#website\",\"url\":\"https:\/\/www.verschwisterung-schotten.de\/vvs\/\",\"name\":\"Verschwisterungsverein Schotten e.V.\",\"description\":\"Die Verbindung zu den Partnerst\u00e4dten in Europa\",\"potentialAction\":[{\"@type\":\"SearchAction\",\"target\":{\"@type\":\"EntryPoint\",\"urlTemplate\":\"https:\/\/www.verschwisterung-schotten.de\/vvs\/?s={search_term_string}\"},\"query-input\":\"required name=search_term_string\"}],\"inLanguage\":\"de\"}]}<\/script>\n<!-- \/ Yoast SEO plugin. -->","yoast_head_json":{"title":"Ozimek - Stadtansichten - Verschwisterungsverein Schotten e.V.","description":"Verein, Schotten - Verschwisterungsverein Schotten e.V. Ozimek - Stadtansichten % Verschwisterung, Europa, Deutschland, Italien, Frankreich, Tschechien, Polen, Belgien, Partner, Partnerstadt, Deutschland, Berlin, Hessen","robots":{"index":"index","follow":"follow","max-snippet":"max-snippet:-1","max-image-preview":"max-image-preview:large","max-video-preview":"max-video-preview:-1"},"canonical":"https:\/\/www.verschwisterung-schotten.de\/vvs\/ozimek-stadtansichten\/","og_locale":"de_DE","og_type":"article","og_title":"Ozimek - Stadtansichten - Verschwisterungsverein Schotten e.V.","og_description":"Verein, Schotten - Verschwisterungsverein Schotten e.V. Ozimek - Stadtansichten % Verschwisterung, Europa, Deutschland, Italien, Frankreich, Tschechien, Polen, Belgien, Partner, Partnerstadt, Deutschland, Berlin, Hessen","og_url":"https:\/\/www.verschwisterung-schotten.de\/vvs\/ozimek-stadtansichten\/","og_site_name":"Verschwisterungsverein Schotten e.V.","article_publisher":"https:\/\/www.facebook.com\/verschwisterungschotten?ref=hl","article_modified_time":"2019-03-26T19:39:52+00:00","twitter_card":"summary_large_image","schema":{"@context":"https:\/\/schema.org","@graph":[{"@type":"WebPage","@id":"https:\/\/www.verschwisterung-schotten.de\/vvs\/ozimek-stadtansichten\/","url":"https:\/\/www.verschwisterung-schotten.de\/vvs\/ozimek-stadtansichten\/","name":"Ozimek - Stadtansichten - Verschwisterungsverein Schotten e.V.","isPartOf":{"@id":"https:\/\/www.verschwisterung-schotten.de\/vvs\/#website"},"datePublished":"2019-03-26T16:39:21+00:00","dateModified":"2019-03-26T19:39:52+00:00","description":"Verein, Schotten - Verschwisterungsverein Schotten e.V. Ozimek - Stadtansichten % Verschwisterung, Europa, Deutschland, Italien, Frankreich, Tschechien, Polen, Belgien, Partner, Partnerstadt, Deutschland, Berlin, Hessen","breadcrumb":{"@id":"https:\/\/www.verschwisterung-schotten.de\/vvs\/ozimek-stadtansichten\/#breadcrumb"},"inLanguage":"de","potentialAction":[{"@type":"ReadAction","target":["https:\/\/www.verschwisterung-schotten.de\/vvs\/ozimek-stadtansichten\/"]}]},{"@type":"BreadcrumbList","@id":"https:\/\/www.verschwisterung-schotten.de\/vvs\/ozimek-stadtansichten\/#breadcrumb","itemListElement":[{"@type":"ListItem","position":1,"name":"Startseite","item":"https:\/\/www.verschwisterung-schotten.de\/vvs\/"},{"@type":"ListItem","position":2,"name":"Ozimek &#8211; Stadtansichten"}]},{"@type":"WebSite","@id":"https:\/\/www.verschwisterung-schotten.de\/vvs\/#website","url":"https:\/\/www.verschwisterung-schotten.de\/vvs\/","name":"Verschwisterungsverein Schotten e.V.","description":"Die Verbindung zu den Partnerst\u00e4dten in Europa","potentialAction":[{"@type":"SearchAction","target":{"@type":"EntryPoint","urlTemplate":"https:\/\/www.verschwisterung-schotten.de\/vvs\/?s={search_term_string}"},"query-input":"required name=search_term_string"}],"inLanguage":"de"}]}},"_links":{"self":[{"href":"https:\/\/www.verschwisterung-schotten.de\/vvs\/wp-json\/wp\/v2\/pages\/3211","targetHints":{"allow":["GET"]}}],"collection":[{"href":"https:\/\/www.verschwisterung-schotten.de\/vvs\/wp-json\/wp\/v2\/pages"}],"about":[{"href":"https:\/\/www.verschwisterung-schotten.de\/vvs\/wp-json\/wp\/v2\/types\/page"}],"author":[{"embeddable":true,"href":"https:\/\/www.verschwisterung-schotten.de\/vvs\/wp-json\/wp\/v2\/users\/1"}],"replies":[{"embeddable":true,"href":"https:\/\/www.verschwisterung-schotten.de\/vvs\/wp-json\/wp\/v2\/comments?post=3211"}],"version-history":[{"count":4,"href":"https:\/\/www.verschwisterung-schotten.de\/vvs\/wp-json\/wp\/v2\/pages\/3211\/revisions"}],"predecessor-version":[{"id":3251,"href":"https:\/\/www.verschwisterung-schotten.de\/vvs\/wp-json\/wp\/v2\/pages\/3211\/revisions\/3251"}],"wp:attachment":[{"href":"https:\/\/www.verschwisterung-schotten.de\/vvs\/wp-json\/wp\/v2\/media?parent=3211"}],"curies":[{"name":"wp","href":"https:\/\/api.w.org\/{rel}","templated":true}]}}